{"id":4013,"date":"2018-07-24T15:24:54","date_gmt":"2018-07-24T13:24:54","guid":{"rendered":"http:\/\/bonato.indaweb.it\/elektrostatische-aufladungen\/"},"modified":"2024-09-02T11:17:36","modified_gmt":"2024-09-02T09:17:36","slug":"elektrostatische-aufladungen","status":"publish","type":"page","link":"https:\/\/elettromeccanicabonato.it\/de\/elektrostatische-aufladungen\/","title":{"rendered":"Elektrostatische Aufladungen"},"content":{"rendered":"[vc_row type=&#8220;full_width_content&#8220; full_screen_row_position=&#8220;middle&#8220; equal_height=&#8220;yes&#8220; content_placement=&#8220;middle&#8220; bg_color=&#8220;#ffe803&#8243; scene_position=&#8220;center&#8220; text_color=&#8220;dark&#8220; text_align=&#8220;left&#8220; overlay_strength=&#8220;0.3&#8243; shape_divider_position=&#8220;bottom&#8220; shape_type=&#8220;&#8220;][vc_column column_padding=&#8220;no-extra-padding&#8220; column_padding_position=&#8220;all&#8220; background_color_opacity=&#8220;1&#8243; background_hover_color_opacity=&#8220;1&#8243; column_shadow=&#8220;none&#8220; column_border_radius=&#8220;none&#8220; width=&#8220;1\/1&#8243; tablet_text_alignment=&#8220;default&#8220; phone_text_alignment=&#8220;default&#8220; column_border_width=&#8220;none&#8220; column_border_style=&#8220;solid&#8220;][vc_column_text css=&#8220;.vc_custom_1669632442780{padding-top: 100px !important;padding-bottom: 80px !important;}&#8220;]\n<h1 style=\"text-align: center;\">Elektrostatische Aufladungen<\/h1>\n[\/vc_column_text][\/vc_column][\/vc_row][vc_row type=&#8220;in_container&#8220; full_screen_row_position=&#8220;middle&#8220; scene_position=&#8220;center&#8220; text_color=&#8220;dark&#8220; text_align=&#8220;left&#8220; overlay_strength=&#8220;0.3&#8243; shape_divider_position=&#8220;bottom&#8220;][vc_column column_padding=&#8220;no-extra-padding&#8220; column_padding_position=&#8220;all&#8220; background_color_opacity=&#8220;1&#8243; background_hover_color_opacity=&#8220;1&#8243; column_shadow=&#8220;none&#8220; column_border_radius=&#8220;none&#8220; width=&#8220;1\/1&#8243; tablet_text_alignment=&#8220;default&#8220; phone_text_alignment=&#8220;default&#8220; column_border_width=&#8220;none&#8220; column_border_style=&#8220;solid&#8220;]<div class=\"divider-wrap\"><div style=\"height: 80px;\" class=\"divider\"><\/div><\/div>[\/vc_column][\/vc_row][vc_row type=&#8220;in_container&#8220; full_screen_row_position=&#8220;middle&#8220; scene_position=&#8220;center&#8220; text_color=&#8220;dark&#8220; text_align=&#8220;left&#8220; overlay_strength=&#8220;0.3&#8243; shape_divider_position=&#8220;bottom&#8220;][vc_column column_padding=&#8220;no-extra-padding&#8220; column_padding_position=&#8220;all&#8220; background_color_opacity=&#8220;1&#8243; background_hover_color_opacity=&#8220;1&#8243; column_shadow=&#8220;none&#8220; column_border_radius=&#8220;none&#8220; width=&#8220;1\/2&#8243; tablet_text_alignment=&#8220;default&#8220; phone_text_alignment=&#8220;default&#8220; column_border_width=&#8220;none&#8220; column_border_style=&#8220;solid&#8220;][vc_custom_heading text=&#8220;Was sind die elektrostatischen Aufladungen?&#8220; use_theme_fonts=&#8220;yes&#8220;]<div class=\"divider-wrap\"><div style=\"height: 50px;\" class=\"divider\"><\/div><\/div><div class=\"img-with-aniamtion-wrap center\" data-max-width=\"100%\" data-border-radius=\"none\"><div class=\"inner\"><img decoding=\"async\" data-shadow=\"none\" data-shadow-direction=\"middle\" class=\"img-with-animation \" data-delay=\"0\" height=\"314\" width=\"435\" data-animation=\"none\" src=\"https:\/\/elettromeccanicabonato.it\/wp-content\/uploads\/2018\/07\/le-cariche-elettrostatiche.jpg\" srcset=\"https:\/\/elettromeccanicabonato.it\/wp-content\/uploads\/2018\/07\/le-cariche-elettrostatiche.jpg 435w, https:\/\/elettromeccanicabonato.it\/wp-content\/uploads\/2018\/07\/le-cariche-elettrostatiche-300x217.jpg 300w\" sizes=\"100vw\" alt=\"cariche elettrostatiche foto1\" \/><\/div><\/div>[\/vc_column][vc_column column_padding=&#8220;no-extra-padding&#8220; column_padding_position=&#8220;all&#8220; background_color_opacity=&#8220;1&#8243; background_hover_color_opacity=&#8220;1&#8243; column_shadow=&#8220;none&#8220; column_border_radius=&#8220;none&#8220; width=&#8220;1\/2&#8243; tablet_text_alignment=&#8220;default&#8220; phone_text_alignment=&#8220;default&#8220; column_border_width=&#8220;none&#8220; column_border_style=&#8220;solid&#8220;]<div class=\"divider-wrap\"><div style=\"height: 100px;\" class=\"divider\"><\/div><\/div>[vc_column_text]\n<p style=\"text-align: left;\"><strong>Elektrostatische Aufladungen<\/strong> sind ein Teil unseres Lebens. Unm\u00f6glich? Dennoch ist es jedem schon einmal passiert, dass er einen kleinen Schock bekommt: wenn er einen Gegenstand ber\u00fchrt, eine Person streift oder aus einem Auto aussteigt. Was nicht jeder wei\u00df, ist, dass die Ansammlung von statischer Elektrizit\u00e4t f\u00fcr dieses h\u00e4ufige Ph\u00e4nomen verantwortlich ist. Elektrostatische Aufladungen entstehen durch das Ph\u00e4nomen der Elektrifizierung, d. h. wenn einem zun\u00e4chst ungeladenen, d. h. neutralen K\u00f6rper eine elektrische Ladung hinzugef\u00fcgt wird.<\/p>\n[\/vc_column_text]<div class=\"divider-wrap\"><div style=\"height: 50px;\" class=\"divider\"><\/div><\/div>[vc_column_text]Die Elektrostatik ist ein Teilgebiet des Elektromagnetismus, das sich mit der Untersuchung der Funktionsweise elektrischer Ladungen befasst, die f\u00fcr die Erzeugung des elektrostatischen Feldes verantwortlich sind. Bereits im 5. Jahrhundert v. Chr., zur Zeit von Thales, war das Ph\u00e4nomen der so genannten Elektrifizierung eines K\u00f6rpers bekannt.<br \/>\nEs gibt zwei Arten von elektrischer Ladung: positive und negative. Wie im ber\u00fchmten Coulomb-Gesetz beschrieben, <strong>sto\u00dfen sich Ladungen mit gleichem Vorzeichen ab<\/strong>, w\u00e4hrend <strong>sich Ladungen mit entgegengesetztem Vorzeichen gegenseitig anziehen<\/strong>. Atome sind elektrisch ungeladen, da die Anzahl der Protonen (positiv) und Elektronen (negativ) gleich ist. Bei der Elektrifizierung eines K\u00f6rpers findet jedoch eine \u00dcbertragung von Elektronen von einem K\u00f6rper auf einen anderen statt. Der K\u00f6rper, der Elektronen aufnimmt, ist negativ geladen, w\u00e4hrend der K\u00f6rper, der sie abgibt, positiv geladen ist, weil die Anzahl der Protonen in seinem Inneren gr\u00f6\u00dfer ist als die Anzahl der Elektronen. Das Ph\u00e4nomen, das als <strong>Elektrifizierung<\/strong> eines K\u00f6rpers bezeichnet wird, tritt auf unterschiedliche Weise auf. Die erste, und h\u00e4ufigste, ist das <strong>Reiben<\/strong>. Ein K\u00f6rper kann auch durch <strong>Kontakt<\/strong>, <strong>Induktion<\/strong> und <strong>Kompression<\/strong> elektrisiert werden.[\/vc_column_text][\/vc_column][\/vc_row][vc_row type=&#8220;in_container&#8220; full_screen_row_position=&#8220;middle&#8220; scene_position=&#8220;center&#8220; text_color=&#8220;dark&#8220; text_align=&#8220;left&#8220; bottom_padding=&#8220;15%&#8220; overlay_strength=&#8220;0.3&#8243; enable_shape_divider=&#8220;true&#8220; shape_divider_color=&#8220;#ffe803&#8243; shape_divider_position=&#8220;bottom&#8220; shape_divider_height=&#8220;150px&#8220; shape_type=&#8220;tilt_alt&#8220;][vc_column column_padding=&#8220;no-extra-padding&#8220; column_padding_position=&#8220;all&#8220; background_color_opacity=&#8220;1&#8243; background_hover_color_opacity=&#8220;1&#8243; column_shadow=&#8220;none&#8220; column_border_radius=&#8220;none&#8220; width=&#8220;1\/1&#8243; tablet_text_alignment=&#8220;default&#8220; phone_text_alignment=&#8220;default&#8220; column_border_width=&#8220;none&#8220; column_border_style=&#8220;solid&#8220;][vc_column_text]Im Gegensatz zu elektrostatischen Ladungen, die sich alle gleich verhalten, weisen <strong>verschiedene Materialien<\/strong> einige wichtige Unterschiede auf. Diese k\u00f6nnen in <strong>Leiter<\/strong> und <strong>Isolatoren<\/strong> unterteilt werden.<br \/>\nIm ersten Fall k\u00f6nnen sich die Ladungen innerhalb dieser Materialien frei bewegen. Zu den Leitern k\u00f6nnen wir <strong>Wasser<\/strong>, <strong>Metall<\/strong> und den <strong>menschlichen K\u00f6rper<\/strong> z\u00e4hlen. In der zweiten Kategorie wird jedoch verhindert, dass Ladungen durch Materialien hindurchgehen. Zu den beliebtesten Isolierstoffen geh\u00f6ren <strong>Kunststoff<\/strong>, <strong>Holz<\/strong> und <strong>Glas<\/strong>.<\/p>\n<p><strong>Elektrostatische Aufladungen<\/strong> sind die Ursache f\u00fcr <strong>viele Unannehmlichkeiten<\/strong>, einschlie\u00dflich der <strong>Anziehung von Staub<\/strong> und anderen Fremdk\u00f6rpern. W\u00e4hrend der Verarbeitung klebt das Material an den Maschinenteilen und zwingt das Unternehmen, die Produktion zu unterbrechen, um das Produkt zu reparieren. Elektrostatische Aufladungen k\u00f6nnen auch gef\u00e4hrlich werden, da sie Entladungen ausl\u00f6sen, die f\u00fcr elektrische und elektronische Ger\u00e4te potenziell sch\u00e4dlich sein k\u00f6nnen. Die Nebenwirkungen sind vielf\u00e4ltig, wie Br\u00e4nde und Explosionen. Au\u00dferdem k\u00f6nnen sie zu Verletzungen von Personen f\u00fchren.<\/p>\n<p><strong>Um diesen elektrostatischen Ladungen entgegenzuwirken<\/strong>, muss die Luft um den geladenen K\u00f6rper ionisiert werden, indem die Atome in der Luft in positive Ionen (freie Kerne) und negative Ionen (freie Elektronen) zerlegt werden. Angesichts des durch das Coulomb-Gesetz beschriebenen Ph\u00e4nomens, dass sich Ladungen gegenseitig anziehen, zieht ein negativ geladener K\u00f6rper positive Ionen an und gibt seine negativen Ionen ab, bis er neutral wird. Umgekehrt zieht ein positiv geladener K\u00f6rper negative Ionen an, bis er neutral wird.[\/vc_column_text]<div class=\"divider-wrap\"><div style=\"height: 100px;\" class=\"divider\"><\/div><\/div>[\/vc_column][\/vc_row]\n","protected":false},"excerpt":{"rendered":"<p>[vc_row type=&#8220;full_width_content&#8220; full_screen_row_position=&#8220;middle&#8220; equal_height=&#8220;yes&#8220; content_placement=&#8220;middle&#8220; bg_color=&#8220;#ffe803&#8243; scene_position=&#8220;center&#8220; text_color=&#8220;dark&#8220; text_align=&#8220;left&#8220; overlay_strength=&#8220;0.3&#8243; shape_divider_position=&#8220;bottom&#8220; shape_type=&#8220;&#8220;][vc_column column_padding=&#8220;no-extra-padding&#8220; column_padding_position=&#8220;all&#8220; background_color_opacity=&#8220;1&#8243; background_hover_color_opacity=&#8220;1&#8243; column_shadow=&#8220;none&#8220; column_border_radius=&#8220;none&#8220; width=&#8220;1\/1&#8243; tablet_text_alignment=&#8220;default&#8220; phone_text_alignment=&#8220;default&#8220; column_border_width=&#8220;none&#8220; column_border_style=&#8220;solid&#8220;][vc_column_text css=&#8220;.vc_custom_1669632442780{padding-top: 100px !important;padding-bottom: 80px !important;}&#8220;] Elektrostatische Aufladungen&#8230;<\/p>\n","protected":false},"author":2,"featured_media":0,"parent":0,"menu_order":20,"comment_status":"closed","ping_status":"closed","template":"","meta":{"_acf_changed":false,"footnotes":""},"class_list":["post-4013","page","type-page","status-publish"],"acf":[],"yoast_head":"<!-- This site is optimized with the Yoast SEO plugin v25.5 - https:\/\/yoast.com\/wordpress\/plugins\/seo\/ -->\n<title>elektrostatische Aufladung &#8226; Elettromeccanica Bonato<\/title>\n<meta name=\"description\" content=\"Erfahren Sie mehr \u00fcber elektrostatische Aufladung, ihre Ursachen und effektive L\u00f6sungen bei Elettromeccanica Bonato.\" \/>\n<meta name=\"robots\" content=\"index, follow, max-snippet:-1, max-image-preview:large, max-video-preview:-1\" \/>\n<link rel=\"canonical\" href=\"https:\/\/elettromeccanicabonato.it\/de\/elektrostatische-aufladungen\/\" \/>\n<meta property=\"og:locale\" content=\"de_DE\" \/>\n<meta property=\"og:type\" content=\"article\" \/>\n<meta property=\"og:title\" content=\"elektrostatische Aufladung &#8226; Elettromeccanica Bonato\" \/>\n<meta property=\"og:description\" content=\"Erfahren Sie mehr \u00fcber elektrostatische Aufladung, ihre Ursachen und effektive L\u00f6sungen bei Elettromeccanica Bonato.\" \/>\n<meta property=\"og:url\" content=\"https:\/\/elettromeccanicabonato.it\/de\/elektrostatische-aufladungen\/\" \/>\n<meta property=\"og:site_name\" content=\"Elettromeccanica Bonato\" \/>\n<meta property=\"article:modified_time\" content=\"2024-09-02T09:17:36+00:00\" \/>\n<meta name=\"twitter:card\" content=\"summary_large_image\" \/>\n<meta name=\"twitter:label1\" content=\"Gesch\u00e4tzte Lesezeit\" \/>\n\t<meta name=\"twitter:data1\" content=\"4\u00a0Minuten\" \/>\n<script type=\"application\/ld+json\" class=\"yoast-schema-graph\">{\"@context\":\"https:\/\/schema.org\",\"@graph\":[{\"@type\":\"WebPage\",\"@id\":\"https:\/\/elettromeccanicabonato.it\/de\/elektrostatische-aufladungen\/\",\"url\":\"https:\/\/elettromeccanicabonato.it\/de\/elektrostatische-aufladungen\/\",\"name\":\"elektrostatische Aufladung &#8226; Elettromeccanica Bonato\",\"isPartOf\":{\"@id\":\"https:\/\/elettromeccanicabonato.it\/#website\"},\"datePublished\":\"2018-07-24T13:24:54+00:00\",\"dateModified\":\"2024-09-02T09:17:36+00:00\",\"description\":\"Erfahren Sie mehr \u00fcber elektrostatische Aufladung, ihre Ursachen und effektive L\u00f6sungen bei Elettromeccanica Bonato.\",\"breadcrumb\":{\"@id\":\"https:\/\/elettromeccanicabonato.it\/de\/elektrostatische-aufladungen\/#breadcrumb\"},\"inLanguage\":\"de\",\"potentialAction\":[{\"@type\":\"ReadAction\",\"target\":[\"https:\/\/elettromeccanicabonato.it\/de\/elektrostatische-aufladungen\/\"]}]},{\"@type\":\"BreadcrumbList\",\"@id\":\"https:\/\/elettromeccanicabonato.it\/de\/elektrostatische-aufladungen\/#breadcrumb\",\"itemListElement\":[{\"@type\":\"ListItem\",\"position\":1,\"name\":\"Home\",\"item\":\"https:\/\/elettromeccanicabonato.it\/de\/\"},{\"@type\":\"ListItem\",\"position\":2,\"name\":\"Elektrostatische Aufladungen\"}]},{\"@type\":\"WebSite\",\"@id\":\"https:\/\/elettromeccanicabonato.it\/#website\",\"url\":\"https:\/\/elettromeccanicabonato.it\/\",\"name\":\"Elettromeccanica Bonato\",\"description\":\"Dispositivi antistatici\",\"publisher\":{\"@id\":\"https:\/\/elettromeccanicabonato.it\/#organization\"},\"potentialAction\":[{\"@type\":\"SearchAction\",\"target\":{\"@type\":\"EntryPoint\",\"urlTemplate\":\"https:\/\/elettromeccanicabonato.it\/?s={search_term_string}\"},\"query-input\":{\"@type\":\"PropertyValueSpecification\",\"valueRequired\":true,\"valueName\":\"search_term_string\"}}],\"inLanguage\":\"de\"},{\"@type\":\"Organization\",\"@id\":\"https:\/\/elettromeccanicabonato.it\/#organization\",\"name\":\"Elettromeccanica Bonato\",\"url\":\"https:\/\/elettromeccanicabonato.it\/\",\"logo\":{\"@type\":\"ImageObject\",\"inLanguage\":\"de\",\"@id\":\"https:\/\/elettromeccanicabonato.it\/#\/schema\/logo\/image\/\",\"url\":\"https:\/\/elettromeccanicabonato.it\/wp-content\/uploads\/2018\/07\/elettromeccanicaBonato-2.png\",\"contentUrl\":\"https:\/\/elettromeccanicabonato.it\/wp-content\/uploads\/2018\/07\/elettromeccanicaBonato-2.png\",\"width\":518,\"height\":127,\"caption\":\"Elettromeccanica Bonato\"},\"image\":{\"@id\":\"https:\/\/elettromeccanicabonato.it\/#\/schema\/logo\/image\/\"}}]}<\/script>\n<!-- \/ Yoast SEO plugin. -->","yoast_head_json":{"title":"elektrostatische Aufladung &#8226; Elettromeccanica Bonato","description":"Erfahren Sie mehr \u00fcber elektrostatische Aufladung, ihre Ursachen und effektive L\u00f6sungen bei Elettromeccanica Bonato.","robots":{"index":"index","follow":"follow","max-snippet":"max-snippet:-1","max-image-preview":"max-image-preview:large","max-video-preview":"max-video-preview:-1"},"canonical":"https:\/\/elettromeccanicabonato.it\/de\/elektrostatische-aufladungen\/","og_locale":"de_DE","og_type":"article","og_title":"elektrostatische Aufladung &#8226; Elettromeccanica Bonato","og_description":"Erfahren Sie mehr \u00fcber elektrostatische Aufladung, ihre Ursachen und effektive L\u00f6sungen bei Elettromeccanica Bonato.","og_url":"https:\/\/elettromeccanicabonato.it\/de\/elektrostatische-aufladungen\/","og_site_name":"Elettromeccanica Bonato","article_modified_time":"2024-09-02T09:17:36+00:00","twitter_card":"summary_large_image","twitter_misc":{"Gesch\u00e4tzte Lesezeit":"4\u00a0Minuten"},"schema":{"@context":"https:\/\/schema.org","@graph":[{"@type":"WebPage","@id":"https:\/\/elettromeccanicabonato.it\/de\/elektrostatische-aufladungen\/","url":"https:\/\/elettromeccanicabonato.it\/de\/elektrostatische-aufladungen\/","name":"elektrostatische Aufladung &#8226; Elettromeccanica Bonato","isPartOf":{"@id":"https:\/\/elettromeccanicabonato.it\/#website"},"datePublished":"2018-07-24T13:24:54+00:00","dateModified":"2024-09-02T09:17:36+00:00","description":"Erfahren Sie mehr \u00fcber elektrostatische Aufladung, ihre Ursachen und effektive L\u00f6sungen bei Elettromeccanica Bonato.","breadcrumb":{"@id":"https:\/\/elettromeccanicabonato.it\/de\/elektrostatische-aufladungen\/#breadcrumb"},"inLanguage":"de","potentialAction":[{"@type":"ReadAction","target":["https:\/\/elettromeccanicabonato.it\/de\/elektrostatische-aufladungen\/"]}]},{"@type":"BreadcrumbList","@id":"https:\/\/elettromeccanicabonato.it\/de\/elektrostatische-aufladungen\/#breadcrumb","itemListElement":[{"@type":"ListItem","position":1,"name":"Home","item":"https:\/\/elettromeccanicabonato.it\/de\/"},{"@type":"ListItem","position":2,"name":"Elektrostatische Aufladungen"}]},{"@type":"WebSite","@id":"https:\/\/elettromeccanicabonato.it\/#website","url":"https:\/\/elettromeccanicabonato.it\/","name":"Elettromeccanica Bonato","description":"Dispositivi antistatici","publisher":{"@id":"https:\/\/elettromeccanicabonato.it\/#organization"},"potentialAction":[{"@type":"SearchAction","target":{"@type":"EntryPoint","urlTemplate":"https:\/\/elettromeccanicabonato.it\/?s={search_term_string}"},"query-input":{"@type":"PropertyValueSpecification","valueRequired":true,"valueName":"search_term_string"}}],"inLanguage":"de"},{"@type":"Organization","@id":"https:\/\/elettromeccanicabonato.it\/#organization","name":"Elettromeccanica Bonato","url":"https:\/\/elettromeccanicabonato.it\/","logo":{"@type":"ImageObject","inLanguage":"de","@id":"https:\/\/elettromeccanicabonato.it\/#\/schema\/logo\/image\/","url":"https:\/\/elettromeccanicabonato.it\/wp-content\/uploads\/2018\/07\/elettromeccanicaBonato-2.png","contentUrl":"https:\/\/elettromeccanicabonato.it\/wp-content\/uploads\/2018\/07\/elettromeccanicaBonato-2.png","width":518,"height":127,"caption":"Elettromeccanica Bonato"},"image":{"@id":"https:\/\/elettromeccanicabonato.it\/#\/schema\/logo\/image\/"}}]}},"_links":{"self":[{"href":"https:\/\/elettromeccanicabonato.it\/de\/wp-json\/wp\/v2\/pages\/4013","targetHints":{"allow":["GET"]}}],"collection":[{"href":"https:\/\/elettromeccanicabonato.it\/de\/wp-json\/wp\/v2\/pages"}],"about":[{"href":"https:\/\/elettromeccanicabonato.it\/de\/wp-json\/wp\/v2\/types\/page"}],"author":[{"embeddable":true,"href":"https:\/\/elettromeccanicabonato.it\/de\/wp-json\/wp\/v2\/users\/2"}],"replies":[{"embeddable":true,"href":"https:\/\/elettromeccanicabonato.it\/de\/wp-json\/wp\/v2\/comments?post=4013"}],"version-history":[{"count":9,"href":"https:\/\/elettromeccanicabonato.it\/de\/wp-json\/wp\/v2\/pages\/4013\/revisions"}],"predecessor-version":[{"id":11574,"href":"https:\/\/elettromeccanicabonato.it\/de\/wp-json\/wp\/v2\/pages\/4013\/revisions\/11574"}],"wp:attachment":[{"href":"https:\/\/elettromeccanicabonato.it\/de\/wp-json\/wp\/v2\/media?parent=4013"}],"curies":[{"name":"wp","href":"https:\/\/api.w.org\/{rel}","templated":true}]}}