{"id":6990,"date":"2018-12-04T10:18:42","date_gmt":"2018-12-04T09:18:42","guid":{"rendered":"https:\/\/elettromeccanicabonato.it\/barre-antistatiche\/"},"modified":"2020-10-22T16:37:54","modified_gmt":"2020-10-22T14:37:54","slug":"barras-antiestaticas","status":"publish","type":"page","link":"https:\/\/elettromeccanicabonato.it\/es\/barras-antiestaticas\/","title":{"rendered":"Barras antiest\u00e1ticas"},"content":{"rendered":"[vc_row type=\u00bbin_container\u00bb full_screen_row_position=\u00bbmiddle\u00bb scene_position=\u00bbcenter\u00bb text_color=\u00bbdark\u00bb text_align=\u00bbleft\u00bb overlay_strength=\u00bb0.3&#8243; shape_divider_position=\u00bbbottom\u00bb][vc_column column_padding=\u00bbno-extra-padding\u00bb column_padding_position=\u00bball\u00bb background_color_opacity=\u00bb1&#8243; background_hover_color_opacity=\u00bb1&#8243; column_shadow=\u00bbnone\u00bb column_border_radius=\u00bbnone\u00bb width=\u00bb1\/1&#8243; tablet_text_alignment=\u00bbdefault\u00bb phone_text_alignment=\u00bbdefault\u00bb column_border_width=\u00bbnone\u00bb column_border_style=\u00bbsolid\u00bb]\r\n    <div class=\"col span_12 section-title text-align-center extra-padding\">\r\n\t\t<h2>\n<h1 style=\"text-align: center;\">Barras antiest\u00e1ticas<\/h1>\n<\/h2><\/div><div class=\"clear\"><\/div>[\/vc_column][\/vc_row][vc_row type=\u00bbin_container\u00bb full_screen_row_position=\u00bbmiddle\u00bb scene_position=\u00bbcenter\u00bb text_color=\u00bbdark\u00bb text_align=\u00bbleft\u00bb overlay_strength=\u00bb0.3&#8243; shape_divider_position=\u00bbbottom\u00bb][vc_column column_padding=\u00bbno-extra-padding\u00bb column_padding_position=\u00bball\u00bb background_color_opacity=\u00bb1&#8243; background_hover_color_opacity=\u00bb1&#8243; column_shadow=\u00bbnone\u00bb column_border_radius=\u00bbnone\u00bb width=\u00bb1\/1&#8243; tablet_text_alignment=\u00bbdefault\u00bb phone_text_alignment=\u00bbdefault\u00bb column_border_width=\u00bbnone\u00bb column_border_style=\u00bbsolid\u00bb][vc_column_text]<span style=\"font-weight: 400;\"><img decoding=\"async\" class=\"alignright wp-image-4940\" title=\"barre antistatiche - dispositivi antistatici\" src=\"https:\/\/elettromeccanicabonato.it\/wp-content\/uploads\/2018\/09\/1-300x298.png\" alt=\"barre antistatiche - dispositivi antistatici\" width=\"350\" height=\"347\" srcset=\"https:\/\/elettromeccanicabonato.it\/wp-content\/uploads\/2018\/09\/1-300x298.png 300w, https:\/\/elettromeccanicabonato.it\/wp-content\/uploads\/2018\/09\/1-150x150.png 150w, https:\/\/elettromeccanicabonato.it\/wp-content\/uploads\/2018\/09\/1-100x100.png 100w, https:\/\/elettromeccanicabonato.it\/wp-content\/uploads\/2018\/09\/1-140x140.png 140w, https:\/\/elettromeccanicabonato.it\/wp-content\/uploads\/2018\/09\/1.png 626w\" sizes=\"(max-width: 350px) 100vw, 350px\" \/>Entre los muchos dispositivos antist\u00e1ticos que se encuentran en comercio, <strong>las barras antiest\u00e1ticas seguramente son los que se piden y utilizan m\u00e1s<\/strong>. Por definici\u00f3n, el t\u00e9rmino \u201cantiest\u00e1tico\u201d se refiere a todo lo que obstaculiza la acumulaci\u00f3n de cargas el\u00e9ctricas en las superficies de varios materiales, en componentes mec\u00e1nicos y, m\u00e1s en general, en objetos de vario tipo. La presencia de electricidad en estas superficies puede causar inconvenientes desagradables durante el ciclo de producci\u00f3n: la formaci\u00f3n de chispas no deseadas puede causar peque\u00f1os incendios, las cargas presentes en las superfcies de los materiales pueden causar repulsi\u00f3n, haciendo dif\u00edciles algunos procedimientos determinados y, finalmente, las mismas cargas a veces interfieren con las maquinarias, desacelerando el proceso de producci\u00f3n. En concreto, eso causa un aumento de los tiempos de producci\u00f3n y tiene consecuencias negativas sobre los costes de producci\u00f3n. Los efectos que acaban de describirse pueden contrastarse gracias a la instalaci\u00f3n de barras antiest\u00e1ticas.<\/span><\/p>\n<p><span style=\"font-weight: 400;\">Estos dispositivos que poseen propiedades ionizantes eliminan las cargas electrost\u00e1ticas presentes en las distintas superficies. La eliminaci\u00f3n de las cargas realizadas por estos dispositivos tambi\u00e9n permite obstaculizar el dep\u00f3sito de polvo en las distintas superficies que, de otra forma, podr\u00eda arruinar los products y desgastar los componentes mec\u00e1nicos. La barra antiest\u00e1tica es muy \u00fatil para las empresas que operan en el <a href=\"https:\/\/elettromeccanicabonato.it\/es\/sector-textil\/\">sector textil<\/a>, en el de la producci\u00f3n de <a href=\"https:\/\/elettromeccanicabonato.it\/es\/empacado\/\">objetos de pl\u00e1stico <\/a> y en la nell&#8217;<a href=\"https:\/\/elettromeccanicabonato.it\/es\/impresion\/\">industria del papel<\/a>. Tanto durante la fase de producci\u00f3n, como durante el proceso de embalaje, resulta fundamental para estas empresas poseer estos dispositivos, con el fin de evitar retrasos en el proceso de producci\u00f3n debidos a la atracci\u00f3n rec\u00edproca entre los distintos materiales o entre los materiales y los muchos componentes mec\u00e1nicos que se encuentran en el interior de las maquinarias que se utilizan para la elaboraci\u00f3n. De hecho, las barras antiest\u00e1ticas se ponen a menudo cerca de las cintas transportadoras o se introducen en alg\u00fan aparato en la l\u00ednea de producci\u00f3n donde el producto pasa debajo de las mismas (la distancia \u00f3ptima entre barra y producto se calcula cuidadosamente en funci\u00f3n de la situaci\u00f3n individual). Creando un efecto corona, este dispositivo antiest\u00e1tico atrae las cargas positivas o negativas presentes en la superficie del producto, haciendo que se vuelva el\u00e9ctricamente neutro.<\/span><\/p>\n<p><span style=\"font-weight: 400;\">Hace m\u00e1s de cuarenta a\u00f1os que Elettromeccanica Bonato produce dispositivos que pueden eliminar los problemas y los efectos negativos producidos por la electricidad est\u00e1tica. En la empresa se estudian soluciones personalizadas, con el fin de maximizar la productividad de las empresas de los clientes y, sobre todo, brindar la posibilidad a los distintos operadores de trabajar en condiciones de completa seguridad. Elettromeccanica Bonato est\u00e1 constituida por un equipo de profesionales expertos que buscan a diario la innovaci\u00f3n de sus productos y que siempre est\u00e1n listos a brindar un apoyo t\u00e9cnico. <strong>El uso de materiales de calidad, el precio competitivo y la f\u00e1cil instalaci\u00f3n son tres aspectos importantes que caracterizan las barras antiest\u00e1ticas producidas por Elettromeccanica Bonato. <\/strong>. En concreto, la calidad de los materiales utilizados hace este procedimiento completamente seguro y fiable impidiendo la formaci\u00f3n de arcos voltaicos, la propagaci\u00f3n de incendios y, finalmente, la producci\u00f3n de componentes que presentan defectos.<\/span>[\/vc_column_text][\/vc_column][\/vc_row]\n","protected":false},"excerpt":{"rendered":"<p>[vc_row type=\u00bbin_container\u00bb full_screen_row_position=\u00bbmiddle\u00bb scene_position=\u00bbcenter\u00bb text_color=\u00bbdark\u00bb text_align=\u00bbleft\u00bb overlay_strength=\u00bb0.3&#8243; shape_divider_position=\u00bbbottom\u00bb][vc_column column_padding=\u00bbno-extra-padding\u00bb column_padding_position=\u00bball\u00bb background_color_opacity=\u00bb1&#8243; background_hover_color_opacity=\u00bb1&#8243; column_shadow=\u00bbnone\u00bb column_border_radius=\u00bbnone\u00bb width=\u00bb1\/1&#8243; tablet_text_alignment=\u00bbdefault\u00bb phone_text_alignment=\u00bbdefault\u00bb column_border_width=\u00bbnone\u00bb column_border_style=\u00bbsolid\u00bb][\/vc_column][\/vc_row][vc_row type=\u00bbin_container\u00bb full_screen_row_position=\u00bbmiddle\u00bb scene_position=\u00bbcenter\u00bb text_color=\u00bbdark\u00bb text_align=\u00bbleft\u00bb overlay_strength=\u00bb0.3&#8243; shape_divider_position=\u00bbbottom\u00bb][vc_column column_padding=\u00bbno-extra-padding\u00bb column_padding_position=\u00bball\u00bb background_color_opacity=\u00bb1&#8243; background_hover_color_opacity=\u00bb1&#8243;&#8230;<\/p>\n","protected":false},"author":2,"featured_media":0,"parent":0,"menu_order":4,"comment_status":"closed","ping_status":"closed","template":"","meta":{"_acf_changed":false,"footnotes":""},"class_list":["post-6990","page","type-page","status-publish"],"acf":[],"yoast_head":"<!-- This site is optimized with the Yoast SEO plugin v25.5 - https:\/\/yoast.com\/wordpress\/plugins\/seo\/ -->\n<title>Nuestras Barras Antiest\u00e1ticas &#8226; Elettromeccanica Bonato<\/title>\n<meta name=\"description\" content=\"Las barras antiest\u00e1ticas producidas por Elettromeccanica Bonato est\u00e1n fabricadas con materiales de calidad, tienen un precio competitivo y son f\u00e1ciles de instalar.\" \/>\n<meta name=\"robots\" content=\"index, follow, max-snippet:-1, max-image-preview:large, max-video-preview:-1\" \/>\n<link rel=\"canonical\" href=\"https:\/\/elettromeccanicabonato.it\/es\/barras-antiestaticas\/\" \/>\n<meta property=\"og:locale\" content=\"es_ES\" \/>\n<meta property=\"og:type\" content=\"article\" \/>\n<meta property=\"og:title\" content=\"Nuestras Barras Antiest\u00e1ticas &#8226; Elettromeccanica Bonato\" \/>\n<meta property=\"og:description\" content=\"Las barras antiest\u00e1ticas producidas por Elettromeccanica Bonato est\u00e1n fabricadas con materiales de calidad, tienen un precio competitivo y son f\u00e1ciles de instalar.\" \/>\n<meta property=\"og:url\" content=\"https:\/\/elettromeccanicabonato.it\/es\/barras-antiestaticas\/\" \/>\n<meta property=\"og:site_name\" content=\"Elettromeccanica Bonato\" \/>\n<meta property=\"article:modified_time\" content=\"2020-10-22T14:37:54+00:00\" \/>\n<meta property=\"og:image\" content=\"https:\/\/elettromeccanicabonato.it\/wp-content\/uploads\/2018\/09\/1.png\" \/>\n\t<meta property=\"og:image:width\" content=\"626\" \/>\n\t<meta property=\"og:image:height\" content=\"621\" \/>\n\t<meta property=\"og:image:type\" content=\"image\/png\" \/>\n<meta name=\"twitter:card\" content=\"summary_large_image\" \/>\n<meta name=\"twitter:label1\" content=\"Tiempo de lectura\" \/>\n\t<meta name=\"twitter:data1\" content=\"4 minutos\" \/>\n<script type=\"application\/ld+json\" class=\"yoast-schema-graph\">{\"@context\":\"https:\/\/schema.org\",\"@graph\":[{\"@type\":\"WebPage\",\"@id\":\"https:\/\/elettromeccanicabonato.it\/es\/barras-antiestaticas\/\",\"url\":\"https:\/\/elettromeccanicabonato.it\/es\/barras-antiestaticas\/\",\"name\":\"Nuestras Barras Antiest\u00e1ticas &#8226; Elettromeccanica Bonato\",\"isPartOf\":{\"@id\":\"https:\/\/elettromeccanicabonato.it\/#website\"},\"primaryImageOfPage\":{\"@id\":\"https:\/\/elettromeccanicabonato.it\/es\/barras-antiestaticas\/#primaryimage\"},\"image\":{\"@id\":\"https:\/\/elettromeccanicabonato.it\/es\/barras-antiestaticas\/#primaryimage\"},\"thumbnailUrl\":\"https:\/\/elettromeccanicabonato.it\/wp-content\/uploads\/2018\/09\/1-300x298.png\",\"datePublished\":\"2018-12-04T09:18:42+00:00\",\"dateModified\":\"2020-10-22T14:37:54+00:00\",\"description\":\"Las barras antiest\u00e1ticas producidas por Elettromeccanica Bonato est\u00e1n fabricadas con materiales de calidad, tienen un precio competitivo y son f\u00e1ciles de instalar.\",\"breadcrumb\":{\"@id\":\"https:\/\/elettromeccanicabonato.it\/es\/barras-antiestaticas\/#breadcrumb\"},\"inLanguage\":\"es\",\"potentialAction\":[{\"@type\":\"ReadAction\",\"target\":[\"https:\/\/elettromeccanicabonato.it\/es\/barras-antiestaticas\/\"]}]},{\"@type\":\"ImageObject\",\"inLanguage\":\"es\",\"@id\":\"https:\/\/elettromeccanicabonato.it\/es\/barras-antiestaticas\/#primaryimage\",\"url\":\"https:\/\/elettromeccanicabonato.it\/wp-content\/uploads\/2018\/09\/1-300x298.png\",\"contentUrl\":\"https:\/\/elettromeccanicabonato.it\/wp-content\/uploads\/2018\/09\/1-300x298.png\"},{\"@type\":\"BreadcrumbList\",\"@id\":\"https:\/\/elettromeccanicabonato.it\/es\/barras-antiestaticas\/#breadcrumb\",\"itemListElement\":[{\"@type\":\"ListItem\",\"position\":1,\"name\":\"Home\",\"item\":\"https:\/\/elettromeccanicabonato.it\/es\/\"},{\"@type\":\"ListItem\",\"position\":2,\"name\":\"Barras antiest\u00e1ticas\"}]},{\"@type\":\"WebSite\",\"@id\":\"https:\/\/elettromeccanicabonato.it\/#website\",\"url\":\"https:\/\/elettromeccanicabonato.it\/\",\"name\":\"Elettromeccanica Bonato\",\"description\":\"Dispositivi antistatici\",\"publisher\":{\"@id\":\"https:\/\/elettromeccanicabonato.it\/#organization\"},\"potentialAction\":[{\"@type\":\"SearchAction\",\"target\":{\"@type\":\"EntryPoint\",\"urlTemplate\":\"https:\/\/elettromeccanicabonato.it\/?s={search_term_string}\"},\"query-input\":{\"@type\":\"PropertyValueSpecification\",\"valueRequired\":true,\"valueName\":\"search_term_string\"}}],\"inLanguage\":\"es\"},{\"@type\":\"Organization\",\"@id\":\"https:\/\/elettromeccanicabonato.it\/#organization\",\"name\":\"Elettromeccanica Bonato\",\"url\":\"https:\/\/elettromeccanicabonato.it\/\",\"logo\":{\"@type\":\"ImageObject\",\"inLanguage\":\"es\",\"@id\":\"https:\/\/elettromeccanicabonato.it\/#\/schema\/logo\/image\/\",\"url\":\"https:\/\/elettromeccanicabonato.it\/wp-content\/uploads\/2018\/07\/elettromeccanicaBonato-2.png\",\"contentUrl\":\"https:\/\/elettromeccanicabonato.it\/wp-content\/uploads\/2018\/07\/elettromeccanicaBonato-2.png\",\"width\":518,\"height\":127,\"caption\":\"Elettromeccanica Bonato\"},\"image\":{\"@id\":\"https:\/\/elettromeccanicabonato.it\/#\/schema\/logo\/image\/\"}}]}<\/script>\n<!-- \/ Yoast SEO plugin. -->","yoast_head_json":{"title":"Nuestras Barras Antiest\u00e1ticas &#8226; Elettromeccanica Bonato","description":"Las barras antiest\u00e1ticas producidas por Elettromeccanica Bonato est\u00e1n fabricadas con materiales de calidad, tienen un precio competitivo y son f\u00e1ciles de instalar.","robots":{"index":"index","follow":"follow","max-snippet":"max-snippet:-1","max-image-preview":"max-image-preview:large","max-video-preview":"max-video-preview:-1"},"canonical":"https:\/\/elettromeccanicabonato.it\/es\/barras-antiestaticas\/","og_locale":"es_ES","og_type":"article","og_title":"Nuestras Barras Antiest\u00e1ticas &#8226; Elettromeccanica Bonato","og_description":"Las barras antiest\u00e1ticas producidas por Elettromeccanica Bonato est\u00e1n fabricadas con materiales de calidad, tienen un precio competitivo y son f\u00e1ciles de instalar.","og_url":"https:\/\/elettromeccanicabonato.it\/es\/barras-antiestaticas\/","og_site_name":"Elettromeccanica Bonato","article_modified_time":"2020-10-22T14:37:54+00:00","og_image":[{"width":626,"height":621,"url":"https:\/\/elettromeccanicabonato.it\/wp-content\/uploads\/2018\/09\/1.png","type":"image\/png"}],"twitter_card":"summary_large_image","twitter_misc":{"Tiempo de lectura":"4 minutos"},"schema":{"@context":"https:\/\/schema.org","@graph":[{"@type":"WebPage","@id":"https:\/\/elettromeccanicabonato.it\/es\/barras-antiestaticas\/","url":"https:\/\/elettromeccanicabonato.it\/es\/barras-antiestaticas\/","name":"Nuestras Barras Antiest\u00e1ticas &#8226; Elettromeccanica Bonato","isPartOf":{"@id":"https:\/\/elettromeccanicabonato.it\/#website"},"primaryImageOfPage":{"@id":"https:\/\/elettromeccanicabonato.it\/es\/barras-antiestaticas\/#primaryimage"},"image":{"@id":"https:\/\/elettromeccanicabonato.it\/es\/barras-antiestaticas\/#primaryimage"},"thumbnailUrl":"https:\/\/elettromeccanicabonato.it\/wp-content\/uploads\/2018\/09\/1-300x298.png","datePublished":"2018-12-04T09:18:42+00:00","dateModified":"2020-10-22T14:37:54+00:00","description":"Las barras antiest\u00e1ticas producidas por Elettromeccanica Bonato est\u00e1n fabricadas con materiales de calidad, tienen un precio competitivo y son f\u00e1ciles de instalar.","breadcrumb":{"@id":"https:\/\/elettromeccanicabonato.it\/es\/barras-antiestaticas\/#breadcrumb"},"inLanguage":"es","potentialAction":[{"@type":"ReadAction","target":["https:\/\/elettromeccanicabonato.it\/es\/barras-antiestaticas\/"]}]},{"@type":"ImageObject","inLanguage":"es","@id":"https:\/\/elettromeccanicabonato.it\/es\/barras-antiestaticas\/#primaryimage","url":"https:\/\/elettromeccanicabonato.it\/wp-content\/uploads\/2018\/09\/1-300x298.png","contentUrl":"https:\/\/elettromeccanicabonato.it\/wp-content\/uploads\/2018\/09\/1-300x298.png"},{"@type":"BreadcrumbList","@id":"https:\/\/elettromeccanicabonato.it\/es\/barras-antiestaticas\/#breadcrumb","itemListElement":[{"@type":"ListItem","position":1,"name":"Home","item":"https:\/\/elettromeccanicabonato.it\/es\/"},{"@type":"ListItem","position":2,"name":"Barras antiest\u00e1ticas"}]},{"@type":"WebSite","@id":"https:\/\/elettromeccanicabonato.it\/#website","url":"https:\/\/elettromeccanicabonato.it\/","name":"Elettromeccanica Bonato","description":"Dispositivi antistatici","publisher":{"@id":"https:\/\/elettromeccanicabonato.it\/#organization"},"potentialAction":[{"@type":"SearchAction","target":{"@type":"EntryPoint","urlTemplate":"https:\/\/elettromeccanicabonato.it\/?s={search_term_string}"},"query-input":{"@type":"PropertyValueSpecification","valueRequired":true,"valueName":"search_term_string"}}],"inLanguage":"es"},{"@type":"Organization","@id":"https:\/\/elettromeccanicabonato.it\/#organization","name":"Elettromeccanica Bonato","url":"https:\/\/elettromeccanicabonato.it\/","logo":{"@type":"ImageObject","inLanguage":"es","@id":"https:\/\/elettromeccanicabonato.it\/#\/schema\/logo\/image\/","url":"https:\/\/elettromeccanicabonato.it\/wp-content\/uploads\/2018\/07\/elettromeccanicaBonato-2.png","contentUrl":"https:\/\/elettromeccanicabonato.it\/wp-content\/uploads\/2018\/07\/elettromeccanicaBonato-2.png","width":518,"height":127,"caption":"Elettromeccanica Bonato"},"image":{"@id":"https:\/\/elettromeccanicabonato.it\/#\/schema\/logo\/image\/"}}]}},"_links":{"self":[{"href":"https:\/\/elettromeccanicabonato.it\/es\/wp-json\/wp\/v2\/pages\/6990","targetHints":{"allow":["GET"]}}],"collection":[{"href":"https:\/\/elettromeccanicabonato.it\/es\/wp-json\/wp\/v2\/pages"}],"about":[{"href":"https:\/\/elettromeccanicabonato.it\/es\/wp-json\/wp\/v2\/types\/page"}],"author":[{"embeddable":true,"href":"https:\/\/elettromeccanicabonato.it\/es\/wp-json\/wp\/v2\/users\/2"}],"replies":[{"embeddable":true,"href":"https:\/\/elettromeccanicabonato.it\/es\/wp-json\/wp\/v2\/comments?post=6990"}],"version-history":[{"count":3,"href":"https:\/\/elettromeccanicabonato.it\/es\/wp-json\/wp\/v2\/pages\/6990\/revisions"}],"predecessor-version":[{"id":7006,"href":"https:\/\/elettromeccanicabonato.it\/es\/wp-json\/wp\/v2\/pages\/6990\/revisions\/7006"}],"wp:attachment":[{"href":"https:\/\/elettromeccanicabonato.it\/es\/wp-json\/wp\/v2\/media?parent=6990"}],"curies":[{"name":"wp","href":"https:\/\/api.w.org\/{rel}","templated":true}]}}