{"id":5556,"date":"2020-03-11T12:35:29","date_gmt":"2020-03-11T11:35:29","guid":{"rendered":"https:\/\/elettromeccanicabonato.it\/barres-antistatiques\/"},"modified":"2020-03-11T12:35:48","modified_gmt":"2020-03-11T11:35:48","slug":"barres-antistatiques","status":"publish","type":"page","link":"https:\/\/elettromeccanicabonato.it\/fr\/barres-antistatiques\/","title":{"rendered":"Barres Antistatiques"},"content":{"rendered":"[vc_row type=\u00a0\u00bbin_container\u00a0\u00bb full_screen_row_position=\u00a0\u00bbmiddle\u00a0\u00bb scene_position=\u00a0\u00bbcenter\u00a0\u00bb text_color=\u00a0\u00bbdark\u00a0\u00bb text_align=\u00a0\u00bbleft\u00a0\u00bb overlay_strength=\u00a0\u00bb0.3&Prime; shape_divider_position=\u00a0\u00bbbottom\u00a0\u00bb][vc_column column_padding=\u00a0\u00bbno-extra-padding\u00a0\u00bb column_padding_position=\u00a0\u00bball\u00a0\u00bb background_color_opacity=\u00a0\u00bb1&Prime; background_hover_color_opacity=\u00a0\u00bb1&Prime; column_shadow=\u00a0\u00bbnone\u00a0\u00bb column_border_radius=\u00a0\u00bbnone\u00a0\u00bb width=\u00a0\u00bb1\/1&Prime; tablet_text_alignment=\u00a0\u00bbdefault\u00a0\u00bb phone_text_alignment=\u00a0\u00bbdefault\u00a0\u00bb column_border_width=\u00a0\u00bbnone\u00a0\u00bb column_border_style=\u00a0\u00bbsolid\u00a0\u00bb]\r\n    <div class=\"col span_12 section-title text-align-center extra-padding\">\r\n\t\t<h2>\n<h1 style=\"text-align: center;\">Barres Antistatiques<\/h1>\n<\/h2><\/div><div class=\"clear\"><\/div>[\/vc_column][\/vc_row][vc_row type=\u00a0\u00bbin_container\u00a0\u00bb full_screen_row_position=\u00a0\u00bbmiddle\u00a0\u00bb scene_position=\u00a0\u00bbcenter\u00a0\u00bb text_color=\u00a0\u00bbdark\u00a0\u00bb text_align=\u00a0\u00bbleft\u00a0\u00bb overlay_strength=\u00a0\u00bb0.3&Prime; shape_divider_position=\u00a0\u00bbbottom\u00a0\u00bb][vc_column column_padding=\u00a0\u00bbno-extra-padding\u00a0\u00bb column_padding_position=\u00a0\u00bball\u00a0\u00bb background_color_opacity=\u00a0\u00bb1&Prime; background_hover_color_opacity=\u00a0\u00bb1&Prime; column_shadow=\u00a0\u00bbnone\u00a0\u00bb column_border_radius=\u00a0\u00bbnone\u00a0\u00bb width=\u00a0\u00bb1\/1&Prime; tablet_text_alignment=\u00a0\u00bbdefault\u00a0\u00bb phone_text_alignment=\u00a0\u00bbdefault\u00a0\u00bb column_border_width=\u00a0\u00bbnone\u00a0\u00bb column_border_style=\u00a0\u00bbsolid\u00a0\u00bb][vc_column_text]<span style=\"font-weight: 400;\"><img decoding=\"async\" class=\"alignright wp-image-4940\" title=\"barre antistatiche - dispositivi antistatici\" src=\"https:\/\/elettromeccanicabonato.it\/wp-content\/uploads\/2018\/09\/1-300x298.png\" alt=\"barre antistatiche - dispositivi antistatici\" width=\"350\" height=\"347\" srcset=\"https:\/\/elettromeccanicabonato.it\/wp-content\/uploads\/2018\/09\/1-300x298.png 300w, https:\/\/elettromeccanicabonato.it\/wp-content\/uploads\/2018\/09\/1-150x150.png 150w, https:\/\/elettromeccanicabonato.it\/wp-content\/uploads\/2018\/09\/1-100x100.png 100w, https:\/\/elettromeccanicabonato.it\/wp-content\/uploads\/2018\/09\/1-140x140.png 140w, https:\/\/elettromeccanicabonato.it\/wp-content\/uploads\/2018\/09\/1.png 626w\" sizes=\"(max-width: 350px) 100vw, 350px\" \/>Parmi les nombreux appareils antistatiques pr\u00e9sents sur le march\u00e9, <strong>les barres antistatiques sont certainement les plus demand\u00e9es et utilis\u00e9es<\/strong>. Par d\u00e9finition, le terme \u00ab\u00a0antistatique\u00a0\u00bb d\u00e9signe tout ce qui entrave l&rsquo;accumulation de charges \u00e9lectriques sur les surfaces de diff\u00e9rentes mati\u00e8res, sur les composants m\u00e9caniques et, plus g\u00e9n\u00e9ralement, sur des objets diff\u00e9rents. La pr\u00e9sence d&rsquo;\u00e9lectricit\u00e9 sur ces surfaces peut provoquer des accrocs d\u00e9sagr\u00e9ables pendant le cycle de production : la formation d&rsquo;\u00e9tincelles ind\u00e9sirables peut causer de petits incendies, les charges pr\u00e9sentes sur les surfaces des mat\u00e9riaux peuvent provoquer un effet de r\u00e9pulsion rendant difficiles certains processus et, enfin, parfois les charges interf\u00e8rent avec les machines et ralentissent le processus de production. En particulier, cela entra\u00eene une augmentation des temps de production et a un impact n\u00e9gatif sur les co\u00fbts de production. Les effets qui viennent d&rsquo;\u00eatre d\u00e9crits peuvent \u00eatre neutralis\u00e9s gr\u00e2ce \u00e0 l&rsquo;installation de barres antistatiques. <\/span><\/p>\n<p><span style=\"font-weight: 400;\">Ces appareils aux propri\u00e9t\u00e9s ionisantes \u00e9liminent les charges \u00e9lectrostatiques pr\u00e9sentes sur les diff\u00e9rentes surfaces. <strong>Les barres antistatiques permettent donc aux machines de fonctionner sans probl\u00e8mes<\/strong>. L&rsquo;\u00e9limination des charges r\u00e9alis\u00e9e par ces appareils permet \u00e9galement de pr\u00e9venir le d\u00e9p\u00f4t de poussi\u00e8res sur les diff\u00e9rentes surfaces qui, sinon, pourrait ruiner les produits et user les composants m\u00e9caniques. La barre antistatique est tr\u00e8s utile pour les entreprises op\u00e9rant dans le <a href=\"https:\/\/elettromeccanicabonato.it\/fr\/secteur-textile\/\">secteur textile<\/a>, dans la production d\u2019<a href=\"https:\/\/elettromeccanicabonato.it\/fr\/conditionnement\/\">objets en plastique<\/a> et dans l\u2019<a href=\"https:\/\/elettromeccanicabonato.it\/fr\/impression\/\">industrie du papier<\/a>. Tant pendant la phase de production que pendant le processus de conditionnement, il est essentiel que ces entreprises disposent de ces appareils afin d&rsquo;\u00e9viter des ralentissements dans le processus de production dus \u00e0 l&rsquo;attraction mutuelle entre les diff\u00e9rentes mati\u00e8res ou entre les mati\u00e8res et les nombreux composants m\u00e9caniques \u00e0 l&rsquo;int\u00e9rieur des machines utilis\u00e9es pour la production. Les barres antistatiques, en effet, sont souvent install\u00e9es pr\u00e8s des convoyeurs ou ins\u00e9r\u00e9es dans certains mat\u00e9riels de la cha\u00eene de production au-dessous desquels le produit passe (la distance optimale entre la barre et le produit est calcul\u00e9e avec pr\u00e9cision en fonction de la situation individuelle). En cr\u00e9ant un effet couronne, cet appareil antistatique attire les charges positives ou n\u00e9gatives pr\u00e9sentes sur la surface du produit en le rendant ainsi \u00e9lectriquement neutre.<\/span><\/p>\n<p><span style=\"font-weight: 400;\">Depuis plus de quarante ans, Elettromeccanica Bonato produit des appareils \u00e0 m\u00eame d&rsquo;\u00e9liminer les probl\u00e8mes et les effets n\u00e9gatifs dus \u00e0 l&rsquo;\u00e9lectricit\u00e9 statique. Des solutions sur mesure sont \u00e9tudi\u00e9es par l\u2019entreprise afin de maximiser la productivit\u00e9 des clients et surtout de donner aux diff\u00e9rents op\u00e9rateurs l&rsquo;opportunit\u00e9 de travailler en toute s\u00e9curit\u00e9. Chez Elettromeccanica Bonato des \u00e9quipes de professionnels exp\u00e9riment\u00e9s recherchent quotidiennement l&rsquo;innovation de leurs produits et sont toujours pr\u00eates \u00e0 fournir un support technique. <strong>L&rsquo;utilisation de mati\u00e8res de qualit\u00e9, le prix comp\u00e9titif et la facilit\u00e9 d&rsquo;installation sont trois aspects importants qui distinguent les barres antistatiques produites par Elettromeccanica Bonato<\/strong>.  En particulier, la qualit\u00e9 des mati\u00e8res utilis\u00e9es rend ce processus totalement s\u00fbr et fiable en emp\u00eachant la formation d&rsquo;arcs volta\u00efques, la propagation des incendies ainsi que la production de composants d\u00e9fectueux.<\/span>[\/vc_column_text][\/vc_column][\/vc_row]\n","protected":false},"excerpt":{"rendered":"<p>[vc_row type=\u00a0\u00bbin_container\u00a0\u00bb full_screen_row_position=\u00a0\u00bbmiddle\u00a0\u00bb scene_position=\u00a0\u00bbcenter\u00a0\u00bb text_color=\u00a0\u00bbdark\u00a0\u00bb text_align=\u00a0\u00bbleft\u00a0\u00bb overlay_strength=\u00a0\u00bb0.3&Prime; shape_divider_position=\u00a0\u00bbbottom\u00a0\u00bb][vc_column column_padding=\u00a0\u00bbno-extra-padding\u00a0\u00bb column_padding_position=\u00a0\u00bball\u00a0\u00bb background_color_opacity=\u00a0\u00bb1&Prime; background_hover_color_opacity=\u00a0\u00bb1&Prime; column_shadow=\u00a0\u00bbnone\u00a0\u00bb column_border_radius=\u00a0\u00bbnone\u00a0\u00bb width=\u00a0\u00bb1\/1&Prime; tablet_text_alignment=\u00a0\u00bbdefault\u00a0\u00bb phone_text_alignment=\u00a0\u00bbdefault\u00a0\u00bb column_border_width=\u00a0\u00bbnone\u00a0\u00bb column_border_style=\u00a0\u00bbsolid\u00a0\u00bb][\/vc_column][\/vc_row][vc_row type=\u00a0\u00bbin_container\u00a0\u00bb full_screen_row_position=\u00a0\u00bbmiddle\u00a0\u00bb scene_position=\u00a0\u00bbcenter\u00a0\u00bb text_color=\u00a0\u00bbdark\u00a0\u00bb text_align=\u00a0\u00bbleft\u00a0\u00bb overlay_strength=\u00a0\u00bb0.3&Prime; shape_divider_position=\u00a0\u00bbbottom\u00a0\u00bb][vc_column column_padding=\u00a0\u00bbno-extra-padding\u00a0\u00bb column_padding_position=\u00a0\u00bball\u00a0\u00bb background_color_opacity=\u00a0\u00bb1&Prime; background_hover_color_opacity=\u00a0\u00bb1&Prime;&#8230;<\/p>\n","protected":false},"author":2,"featured_media":0,"parent":0,"menu_order":7,"comment_status":"closed","ping_status":"closed","template":"","meta":{"_acf_changed":false,"footnotes":""},"class_list":["post-5556","page","type-page","status-publish"],"acf":[],"yoast_head":"<!-- This site is optimized with the Yoast SEO plugin v25.5 - https:\/\/yoast.com\/wordpress\/plugins\/seo\/ -->\n<title>Nos barres antistatiques &#8226; Elettromeccanica Bonato<\/title>\n<meta name=\"description\" content=\"Les barres antistatiques produites par Elettromeccanica Bonato sont fabriqu\u00e9es avec des mat\u00e9riaux de qualit\u00e9, ont un prix comp\u00e9titif et sont faciles \u00e0 installer\" \/>\n<meta name=\"robots\" content=\"index, follow, max-snippet:-1, max-image-preview:large, max-video-preview:-1\" \/>\n<link rel=\"canonical\" href=\"https:\/\/elettromeccanicabonato.it\/fr\/barres-antistatiques\/\" \/>\n<meta property=\"og:locale\" content=\"fr_FR\" \/>\n<meta property=\"og:type\" content=\"article\" \/>\n<meta property=\"og:title\" content=\"Nos barres antistatiques &#8226; Elettromeccanica Bonato\" \/>\n<meta property=\"og:description\" content=\"Les barres antistatiques produites par Elettromeccanica Bonato sont fabriqu\u00e9es avec des mat\u00e9riaux de qualit\u00e9, ont un prix comp\u00e9titif et sont faciles \u00e0 installer\" \/>\n<meta property=\"og:url\" content=\"https:\/\/elettromeccanicabonato.it\/fr\/barres-antistatiques\/\" \/>\n<meta property=\"og:site_name\" content=\"Elettromeccanica Bonato\" \/>\n<meta property=\"article:modified_time\" content=\"2020-03-11T11:35:48+00:00\" \/>\n<meta property=\"og:image\" content=\"https:\/\/elettromeccanicabonato.it\/wp-content\/uploads\/2018\/09\/1.png\" \/>\n\t<meta property=\"og:image:width\" content=\"626\" \/>\n\t<meta property=\"og:image:height\" content=\"621\" \/>\n\t<meta property=\"og:image:type\" content=\"image\/png\" \/>\n<meta name=\"twitter:card\" content=\"summary_large_image\" \/>\n<meta name=\"twitter:label1\" content=\"Dur\u00e9e de lecture estim\u00e9e\" \/>\n\t<meta name=\"twitter:data1\" content=\"4 minutes\" \/>\n<script type=\"application\/ld+json\" class=\"yoast-schema-graph\">{\"@context\":\"https:\/\/schema.org\",\"@graph\":[{\"@type\":\"WebPage\",\"@id\":\"https:\/\/elettromeccanicabonato.it\/fr\/barres-antistatiques\/\",\"url\":\"https:\/\/elettromeccanicabonato.it\/fr\/barres-antistatiques\/\",\"name\":\"Nos barres antistatiques &#8226; Elettromeccanica Bonato\",\"isPartOf\":{\"@id\":\"https:\/\/elettromeccanicabonato.it\/#website\"},\"primaryImageOfPage\":{\"@id\":\"https:\/\/elettromeccanicabonato.it\/fr\/barres-antistatiques\/#primaryimage\"},\"image\":{\"@id\":\"https:\/\/elettromeccanicabonato.it\/fr\/barres-antistatiques\/#primaryimage\"},\"thumbnailUrl\":\"https:\/\/elettromeccanicabonato.it\/wp-content\/uploads\/2018\/09\/1-300x298.png\",\"datePublished\":\"2020-03-11T11:35:29+00:00\",\"dateModified\":\"2020-03-11T11:35:48+00:00\",\"description\":\"Les barres antistatiques produites par Elettromeccanica Bonato sont fabriqu\u00e9es avec des mat\u00e9riaux de qualit\u00e9, ont un prix comp\u00e9titif et sont faciles \u00e0 installer\",\"breadcrumb\":{\"@id\":\"https:\/\/elettromeccanicabonato.it\/fr\/barres-antistatiques\/#breadcrumb\"},\"inLanguage\":\"fr-FR\",\"potentialAction\":[{\"@type\":\"ReadAction\",\"target\":[\"https:\/\/elettromeccanicabonato.it\/fr\/barres-antistatiques\/\"]}]},{\"@type\":\"ImageObject\",\"inLanguage\":\"fr-FR\",\"@id\":\"https:\/\/elettromeccanicabonato.it\/fr\/barres-antistatiques\/#primaryimage\",\"url\":\"https:\/\/elettromeccanicabonato.it\/wp-content\/uploads\/2018\/09\/1-300x298.png\",\"contentUrl\":\"https:\/\/elettromeccanicabonato.it\/wp-content\/uploads\/2018\/09\/1-300x298.png\"},{\"@type\":\"BreadcrumbList\",\"@id\":\"https:\/\/elettromeccanicabonato.it\/fr\/barres-antistatiques\/#breadcrumb\",\"itemListElement\":[{\"@type\":\"ListItem\",\"position\":1,\"name\":\"Home\",\"item\":\"https:\/\/elettromeccanicabonato.it\/fr\/\"},{\"@type\":\"ListItem\",\"position\":2,\"name\":\"Barres Antistatiques\"}]},{\"@type\":\"WebSite\",\"@id\":\"https:\/\/elettromeccanicabonato.it\/#website\",\"url\":\"https:\/\/elettromeccanicabonato.it\/\",\"name\":\"Elettromeccanica Bonato\",\"description\":\"Dispositivi antistatici\",\"publisher\":{\"@id\":\"https:\/\/elettromeccanicabonato.it\/#organization\"},\"potentialAction\":[{\"@type\":\"SearchAction\",\"target\":{\"@type\":\"EntryPoint\",\"urlTemplate\":\"https:\/\/elettromeccanicabonato.it\/?s={search_term_string}\"},\"query-input\":{\"@type\":\"PropertyValueSpecification\",\"valueRequired\":true,\"valueName\":\"search_term_string\"}}],\"inLanguage\":\"fr-FR\"},{\"@type\":\"Organization\",\"@id\":\"https:\/\/elettromeccanicabonato.it\/#organization\",\"name\":\"Elettromeccanica Bonato\",\"url\":\"https:\/\/elettromeccanicabonato.it\/\",\"logo\":{\"@type\":\"ImageObject\",\"inLanguage\":\"fr-FR\",\"@id\":\"https:\/\/elettromeccanicabonato.it\/#\/schema\/logo\/image\/\",\"url\":\"https:\/\/elettromeccanicabonato.it\/wp-content\/uploads\/2018\/07\/elettromeccanicaBonato-2.png\",\"contentUrl\":\"https:\/\/elettromeccanicabonato.it\/wp-content\/uploads\/2018\/07\/elettromeccanicaBonato-2.png\",\"width\":518,\"height\":127,\"caption\":\"Elettromeccanica Bonato\"},\"image\":{\"@id\":\"https:\/\/elettromeccanicabonato.it\/#\/schema\/logo\/image\/\"}}]}<\/script>\n<!-- \/ Yoast SEO plugin. -->","yoast_head_json":{"title":"Nos barres antistatiques &#8226; Elettromeccanica Bonato","description":"Les barres antistatiques produites par Elettromeccanica Bonato sont fabriqu\u00e9es avec des mat\u00e9riaux de qualit\u00e9, ont un prix comp\u00e9titif et sont faciles \u00e0 installer","robots":{"index":"index","follow":"follow","max-snippet":"max-snippet:-1","max-image-preview":"max-image-preview:large","max-video-preview":"max-video-preview:-1"},"canonical":"https:\/\/elettromeccanicabonato.it\/fr\/barres-antistatiques\/","og_locale":"fr_FR","og_type":"article","og_title":"Nos barres antistatiques &#8226; Elettromeccanica Bonato","og_description":"Les barres antistatiques produites par Elettromeccanica Bonato sont fabriqu\u00e9es avec des mat\u00e9riaux de qualit\u00e9, ont un prix comp\u00e9titif et sont faciles \u00e0 installer","og_url":"https:\/\/elettromeccanicabonato.it\/fr\/barres-antistatiques\/","og_site_name":"Elettromeccanica Bonato","article_modified_time":"2020-03-11T11:35:48+00:00","og_image":[{"width":626,"height":621,"url":"https:\/\/elettromeccanicabonato.it\/wp-content\/uploads\/2018\/09\/1.png","type":"image\/png"}],"twitter_card":"summary_large_image","twitter_misc":{"Dur\u00e9e de lecture estim\u00e9e":"4 minutes"},"schema":{"@context":"https:\/\/schema.org","@graph":[{"@type":"WebPage","@id":"https:\/\/elettromeccanicabonato.it\/fr\/barres-antistatiques\/","url":"https:\/\/elettromeccanicabonato.it\/fr\/barres-antistatiques\/","name":"Nos barres antistatiques &#8226; Elettromeccanica Bonato","isPartOf":{"@id":"https:\/\/elettromeccanicabonato.it\/#website"},"primaryImageOfPage":{"@id":"https:\/\/elettromeccanicabonato.it\/fr\/barres-antistatiques\/#primaryimage"},"image":{"@id":"https:\/\/elettromeccanicabonato.it\/fr\/barres-antistatiques\/#primaryimage"},"thumbnailUrl":"https:\/\/elettromeccanicabonato.it\/wp-content\/uploads\/2018\/09\/1-300x298.png","datePublished":"2020-03-11T11:35:29+00:00","dateModified":"2020-03-11T11:35:48+00:00","description":"Les barres antistatiques produites par Elettromeccanica Bonato sont fabriqu\u00e9es avec des mat\u00e9riaux de qualit\u00e9, ont un prix comp\u00e9titif et sont faciles \u00e0 installer","breadcrumb":{"@id":"https:\/\/elettromeccanicabonato.it\/fr\/barres-antistatiques\/#breadcrumb"},"inLanguage":"fr-FR","potentialAction":[{"@type":"ReadAction","target":["https:\/\/elettromeccanicabonato.it\/fr\/barres-antistatiques\/"]}]},{"@type":"ImageObject","inLanguage":"fr-FR","@id":"https:\/\/elettromeccanicabonato.it\/fr\/barres-antistatiques\/#primaryimage","url":"https:\/\/elettromeccanicabonato.it\/wp-content\/uploads\/2018\/09\/1-300x298.png","contentUrl":"https:\/\/elettromeccanicabonato.it\/wp-content\/uploads\/2018\/09\/1-300x298.png"},{"@type":"BreadcrumbList","@id":"https:\/\/elettromeccanicabonato.it\/fr\/barres-antistatiques\/#breadcrumb","itemListElement":[{"@type":"ListItem","position":1,"name":"Home","item":"https:\/\/elettromeccanicabonato.it\/fr\/"},{"@type":"ListItem","position":2,"name":"Barres Antistatiques"}]},{"@type":"WebSite","@id":"https:\/\/elettromeccanicabonato.it\/#website","url":"https:\/\/elettromeccanicabonato.it\/","name":"Elettromeccanica Bonato","description":"Dispositivi antistatici","publisher":{"@id":"https:\/\/elettromeccanicabonato.it\/#organization"},"potentialAction":[{"@type":"SearchAction","target":{"@type":"EntryPoint","urlTemplate":"https:\/\/elettromeccanicabonato.it\/?s={search_term_string}"},"query-input":{"@type":"PropertyValueSpecification","valueRequired":true,"valueName":"search_term_string"}}],"inLanguage":"fr-FR"},{"@type":"Organization","@id":"https:\/\/elettromeccanicabonato.it\/#organization","name":"Elettromeccanica Bonato","url":"https:\/\/elettromeccanicabonato.it\/","logo":{"@type":"ImageObject","inLanguage":"fr-FR","@id":"https:\/\/elettromeccanicabonato.it\/#\/schema\/logo\/image\/","url":"https:\/\/elettromeccanicabonato.it\/wp-content\/uploads\/2018\/07\/elettromeccanicaBonato-2.png","contentUrl":"https:\/\/elettromeccanicabonato.it\/wp-content\/uploads\/2018\/07\/elettromeccanicaBonato-2.png","width":518,"height":127,"caption":"Elettromeccanica Bonato"},"image":{"@id":"https:\/\/elettromeccanicabonato.it\/#\/schema\/logo\/image\/"}}]}},"_links":{"self":[{"href":"https:\/\/elettromeccanicabonato.it\/fr\/wp-json\/wp\/v2\/pages\/5556","targetHints":{"allow":["GET"]}}],"collection":[{"href":"https:\/\/elettromeccanicabonato.it\/fr\/wp-json\/wp\/v2\/pages"}],"about":[{"href":"https:\/\/elettromeccanicabonato.it\/fr\/wp-json\/wp\/v2\/types\/page"}],"author":[{"embeddable":true,"href":"https:\/\/elettromeccanicabonato.it\/fr\/wp-json\/wp\/v2\/users\/2"}],"replies":[{"embeddable":true,"href":"https:\/\/elettromeccanicabonato.it\/fr\/wp-json\/wp\/v2\/comments?post=5556"}],"version-history":[{"count":1,"href":"https:\/\/elettromeccanicabonato.it\/fr\/wp-json\/wp\/v2\/pages\/5556\/revisions"}],"predecessor-version":[{"id":5559,"href":"https:\/\/elettromeccanicabonato.it\/fr\/wp-json\/wp\/v2\/pages\/5556\/revisions\/5559"}],"wp:attachment":[{"href":"https:\/\/elettromeccanicabonato.it\/fr\/wp-json\/wp\/v2\/media?parent=5556"}],"curies":[{"name":"wp","href":"https:\/\/api.w.org\/{rel}","templated":true}]}}